{"id":108,"date":"2017-02-18T14:47:58","date_gmt":"2017-02-18T13:47:58","guid":{"rendered":"http:\/\/kinderhilfe-salberghaus.de\/?page_id=108"},"modified":"2025-12-29T14:39:58","modified_gmt":"2025-12-29T13:39:58","slug":"abgeschlossene-projekte","status":"publish","type":"page","link":"https:\/\/kinderhilfe-salberghaus.de\/?page_id=108","title":{"rendered":"Abgeschlossene Projekte"},"content":{"rendered":"<p>[et_pb_section fb_built=&#8220;1&#8243; fullwidth=&#8220;on&#8220; admin_label=&#8220;Sektion&#8220; _builder_version=&#8220;4.16&#8243; global_colors_info=&#8220;{}&#8220;][et_pb_fullwidth_header title=&#8220;KINDERHILFE SALBERGHAUS Putzbrunn e.V.&#8220; subhead=&#8220;Wir geben Kindern eine Perspektive&#8220; header_image_url=&#8220;https:\/\/kinderhilfe-salberghaus.de\/wp-content\/uploads\/2017\/02\/vierPunkte.png&#8220; content_max_width=&#8220;none&#8220; admin_label=&#8220;Vollbreite Kopfzeile&#8220; _builder_version=&#8220;4.16&#8243; background_color=&#8220;#00ccff&#8220; button_one_letter_spacing_hover=&#8220;0&#8243; button_two_letter_spacing_hover=&#8220;0&#8243; global_colors_info=&#8220;{}&#8220; button_one_text_size__hover_enabled=&#8220;off&#8220; button_two_text_size__hover_enabled=&#8220;off&#8220; button_one_text_color__hover_enabled=&#8220;off&#8220; button_two_text_color__hover_enabled=&#8220;off&#8220; button_one_border_width__hover_enabled=&#8220;off&#8220; button_two_border_width__hover_enabled=&#8220;off&#8220; button_one_border_color__hover_enabled=&#8220;off&#8220; button_two_border_color__hover_enabled=&#8220;off&#8220; button_one_border_radius__hover_enabled=&#8220;off&#8220; button_two_border_radius__hover_enabled=&#8220;off&#8220; button_one_letter_spacing__hover_enabled=&#8220;on&#8220; button_one_letter_spacing__hover=&#8220;0&#8243; button_two_letter_spacing__hover_enabled=&#8220;on&#8220; button_two_letter_spacing__hover=&#8220;0&#8243; button_one_bg_color__hover_enabled=&#8220;off&#8220; button_two_bg_color__hover_enabled=&#8220;off&#8220;][\/et_pb_fullwidth_header][et_pb_fullwidth_image src=&#8220;http:\/\/kinderhilfe-salberghaus.de\/wp-content\/uploads\/2025\/12\/Sliderbild_Maedchen.jpg&#8220; _builder_version=&#8220;4.27.4&#8243; _module_preset=&#8220;default&#8220; title_text=&#8220;Sliderbild_M\u00e4dchen&#8220; hover_enabled=&#8220;0&#8243; sticky_enabled=&#8220;0&#8243;][\/et_pb_fullwidth_image][\/et_pb_section][et_pb_section fb_built=&#8220;1&#8243; specialty=&#8220;on&#8220; admin_label=&#8220;Sektion&#8220; _builder_version=&#8220;4.16&#8243; global_colors_info=&#8220;{}&#8220;][et_pb_column type=&#8220;3_4&#8243; specialty_columns=&#8220;3&#8243; _builder_version=&#8220;4.16&#8243; custom_padding=&#8220;|||&#8220; global_colors_info=&#8220;{}&#8220; custom_padding__hover=&#8220;|||&#8220;][et_pb_row_inner admin_label=&#8220;Zeile&#8220; _builder_version=&#8220;4.16&#8243; width=&#8220;99%&#8220; global_colors_info=&#8220;{}&#8220;][et_pb_column_inner saved_specialty_column_type=&#8220;3_4&#8243; _builder_version=&#8220;4.16&#8243; custom_padding=&#8220;|||&#8220; global_colors_info=&#8220;{}&#8220; custom_padding__hover=&#8220;|||&#8220;][et_pb_blurb title=&#8220;Ein neues Kletterger\u00fcst f\u00fcr die %22Gro\u00dfen%22&#8243; image=&#8220;http:\/\/kinderhilfe-salberghaus.de\/wp-content\/uploads\/2025\/12\/klettergeruest.jpg&#8220; _builder_version=&#8220;4.27.4&#8243; _module_preset=&#8220;default&#8220; hover_enabled=&#8220;0&#8243; global_colors_info=&#8220;{}&#8220; title_text=&#8220;klettergeruest&#8220; sticky_enabled=&#8220;0&#8243;]<\/p>\n<p>Das Gel\u00e4nde des Salberghauses hat einige gro\u00dfe Gartenfl\u00e4chen, die von den Kindern bei jedem Wetter gerne genutzt werden. Neben einem wundersch\u00f6nen alten Baumbestand ist Platz f\u00fcr Spiel und Spa\u00df. Allerdings haben in den letzten Jahren die gro\u00dfen Kinder ein anspruchsvolles Kletterger\u00e4t vermisst &#8211; und deshalb musste mit Unterst\u00fctzung des F\u00f6rdervereins 2025 Abhilfe geschaffen werden. Es konnte ein ma\u00dfgeplantes Kletterger\u00fcst aufgebaut werden, das zwischen dem Baumbestand Platz zum Klettern f\u00fcr mindestens 20 Kinder gleichzeitig bietet.<\/p>\n<p>Vielen Dank an alle Unterst\u00fctzer<\/p>\n<p>[\/et_pb_blurb][\/et_pb_column_inner][\/et_pb_row_inner][\/et_pb_column][et_pb_column type=&#8220;1_4&#8243; _builder_version=&#8220;4.16&#8243; custom_padding=&#8220;|||&#8220; global_colors_info=&#8220;{}&#8220; custom_padding__hover=&#8220;|||&#8220;][et_pb_sidebar area=&#8220;sidebar-1&#8243; admin_label=&#8220;Seitenleiste&#8220; _builder_version=&#8220;4.16&#8243; header_font_size=&#8220;14&#8243; body_font_size=&#8220;12&#8243; remove_border=&#8220;off&#8220; global_colors_info=&#8220;{}&#8220;][\/et_pb_sidebar][et_pb_text admin_label=&#8220;Text&#8220; _builder_version=&#8220;4.27.2&#8243; background_size=&#8220;initial&#8220; background_position=&#8220;top_left&#8220; background_repeat=&#8220;repeat&#8220; custom_padding=&#8220;8px|8px|8px|8px&#8220; border_width_all=&#8220;0px&#8220; border_color_all=&#8220;#00ccff&#8220; border_style_all=&#8220;solid&#8220; use_border_color=&#8220;on&#8220; border_color=&#8220;#00ccff&#8220; border_style=&#8220;solid&#8220; global_colors_info=&#8220;{}&#8220;]<\/p>\n<h2>Ihre Ansprechpartner<\/h2>\n<p><a href=\"&#x6d;&#97;i&#x6c;&#116;o&#x3a;&#109;a&#x72;&#116;i&#x6e;&#46;h&#x61;&#99;k&#x65;&#114;&#64;&#x6b;&#105;n&#x64;&#101;r&#x68;&#105;l&#x66;&#101;-&#x73;&#97;l&#x62;&#101;r&#x67;&#104;a&#x75;&#115;&#46;&#x64;&#101;\" target=\"_blank\" rel=\"noopener\">Martin Hacker<\/a><br \/>\n(Vorsitzender des Vorstands)<\/p>\n<p><a href=\"&#109;&#x61;i&#108;&#x74;o&#58;&#x68;e&#105;&#x64;i&#46;&#x73;p&#105;&#x63;k&#97;&#x40;k&#105;&#x6e;d&#101;&#x72;h&#105;&#x6c;f&#101;&#x2d;s&#x61;&#x6c;b&#x65;&#x72;&#103;&#x68;&#x61;&#117;&#x73;&#x2e;&#100;&#x65;\" target=\"_blank\" rel=\"noopener\">Heidi Spicka<\/a><br \/>\n(Stellvertretende Vorsitzende)<\/p>\n<p><strong>Telefon (Zentrale): <\/strong>089-60093-0<\/p>\n<p><img decoding=\"async\" src=\"https:\/\/kinderhilfe-salberghaus.de\/wp-content\/uploads\/2017\/03\/pdf.png\" alt=\"PDF-Datei\"><a href=\"https:\/\/kinderhilfe-salberghaus.de\/wp-content\/uploads\/2017\/03\/Flyer_Kinderhilfe_Salberghaus_2016.pdf\" target=\"_blank\" rel=\"noopener\">Flyer Kinderhilfe Salberghaus<\/a>[\/et_pb_text][\/et_pb_column][\/et_pb_section][et_pb_section fb_built=&#8220;1&#8243; theme_builder_area=&#8220;post_content&#8220; _builder_version=&#8220;4.27.4&#8243; _module_preset=&#8220;default&#8220;][et_pb_row _builder_version=&#8220;4.27.4&#8243; _module_preset=&#8220;default&#8220; theme_builder_area=&#8220;post_content&#8220; background_color=&#8220;#FFFFFF&#8220; hover_enabled=&#8220;0&#8243; sticky_enabled=&#8220;0&#8243;][et_pb_column _builder_version=&#8220;4.27.4&#8243; _module_preset=&#8220;default&#8220; type=&#8220;4_4&#8243; theme_builder_area=&#8220;post_content&#8220;][et_pb_blurb title=&#8220;Neuro-Feedback &#8211; eine hochwirksames Therapieangebot f\u00fcr Kinder im Salberghaus&#8220; image=&#8220;http:\/\/kinderhilfe-salberghaus.de\/wp-content\/uploads\/2025\/12\/KinderKopfstand.jpg&#8220; _builder_version=&#8220;4.27.4&#8243; _module_preset=&#8220;default&#8220; theme_builder_area=&#8220;post_content&#8220; title_text=&#8220;KinderKopfstand&#8220; hover_enabled=&#8220;0&#8243; sticky_enabled=&#8220;0&#8243;]<\/p>\n<p><span>Neurofeedback ist ein modernes, wissenschaftlich orientiertes Verfahren, das Kinder hilft, gezielt ihre Gehirnaktivit\u00e4t zu beeinflussen. Dabei kommt das EEG (Elektroenzephalogramm) zum Einsatz, das in Echtzeit die Gehirnwellen erfasst und auf einem Bildschirm darstellt.\u00a0<\/span><\/p>\n<p><span>Gerade f\u00fcr Kinder mit Aufmerksamkeitsproblemen ist die Neurofeedback-Therapie ein sehr wirksames Therapieangebot.<\/span><\/p>\n<p><span>Die Fachdienste im Salberghaus konnten mit Unterst\u00fctzung des F\u00f6rdervereins eine Ausbildung in Neurofeedback-Therapie durchlaufen. Au\u00dferdem wurde \u00fcber den F\u00f6rderverein die technische Ausstattung finanziert, so dass die Anwendung des Therapieverfahrens im Sommer 2025 beginnen konnte.<\/span><\/p>\n<p>[\/et_pb_blurb][\/et_pb_column][\/et_pb_row][\/et_pb_section][et_pb_section fb_built=&#8220;1&#8243; admin_label=&#8220;section&#8220; _builder_version=&#8220;4.16&#8243; global_colors_info=&#8220;{}&#8220;][et_pb_row column_structure=&#8220;3_4,1_4&#8243; admin_label=&#8220;row&#8220; _builder_version=&#8220;4.16&#8243; background_size=&#8220;initial&#8220; background_position=&#8220;top_left&#8220; background_repeat=&#8220;repeat&#8220; global_colors_info=&#8220;{}&#8220;][et_pb_column type=&#8220;3_4&#8243; _builder_version=&#8220;4.16&#8243; custom_padding=&#8220;|||&#8220; global_colors_info=&#8220;{}&#8220; custom_padding__hover=&#8220;|||&#8220;][et_pb_image src=&#8220;https:\/\/kinderhilfe-salberghaus.de\/wp-content\/uploads\/2017\/02\/FooterBilder.png&#8220; align_tablet=&#8220;center&#8220; align_phone=&#8220;center&#8220; align_last_edited=&#8220;on|desktop&#8220; admin_label=&#8220;Bild&#8220; _builder_version=&#8220;4.16&#8243; animation_style=&#8220;slide&#8220; animation_direction=&#8220;left&#8220; animation_duration=&#8220;500ms&#8220; animation_intensity_slide=&#8220;10%&#8220; animation=&#8220;left&#8220; use_border_color=&#8220;off&#8220; border_color=&#8220;#ffffff&#8220; border_style=&#8220;solid&#8220; sticky=&#8220;off&#8220; always_center_on_mobile=&#8220;on&#8220; global_colors_info=&#8220;{}&#8220;][\/et_pb_image][\/et_pb_column][et_pb_column type=&#8220;1_4&#8243; _builder_version=&#8220;4.16&#8243; custom_padding=&#8220;|||&#8220; global_colors_info=&#8220;{}&#8220; custom_padding__hover=&#8220;|||&#8220;][et_pb_image src=&#8220;https:\/\/kinderhilfe-salberghaus.de\/wp-content\/uploads\/2017\/02\/6110219.png&#8220; align_tablet=&#8220;center&#8220; align_phone=&#8220;center&#8220; align_last_edited=&#8220;on|desktop&#8220; admin_label=&#8220;Bild&#8220; _builder_version=&#8220;4.16&#8243; animation_style=&#8220;slide&#8220; animation_direction=&#8220;left&#8220; animation_duration=&#8220;500ms&#8220; animation_intensity_slide=&#8220;10%&#8220; animation=&#8220;left&#8220; use_border_color=&#8220;off&#8220; border_color=&#8220;#ffffff&#8220; border_style=&#8220;solid&#8220; sticky=&#8220;off&#8220; always_center_on_mobile=&#8220;on&#8220; global_colors_info=&#8220;{}&#8220;][\/et_pb_image][\/et_pb_column][\/et_pb_row][\/et_pb_section][et_pb_section fb_built=&#8220;1&#8243; admin_label=&#8220;Sektion&#8220; _builder_version=&#8220;4.16&#8243; background_color=&#8220;#171717&#8243; transparent_background=&#8220;off&#8220; make_fullwidth=&#8220;off&#8220; use_custom_width=&#8220;off&#8220; width_unit=&#8220;on&#8220; global_colors_info=&#8220;{}&#8220;][et_pb_row admin_label=&#8220;Zeile&#8220; _builder_version=&#8220;4.16&#8243; background_size=&#8220;initial&#8220; background_position=&#8220;top_left&#8220; background_repeat=&#8220;repeat&#8220; global_colors_info=&#8220;{}&#8220;][et_pb_column type=&#8220;4_4&#8243; _builder_version=&#8220;4.16&#8243; custom_padding=&#8220;|||&#8220; global_colors_info=&#8220;{}&#8220; custom_padding__hover=&#8220;|||&#8220;][et_pb_text admin_label=&#8220;Text&#8220; _builder_version=&#8220;4.16&#8243; background_size=&#8220;initial&#8220; background_position=&#8220;top_left&#8220; background_repeat=&#8220;repeat&#8220; text_orientation=&#8220;center&#8220; module_alignment=&#8220;center&#8220; use_border_color=&#8220;off&#8220; border_color=&#8220;#ffffff&#8220; border_style=&#8220;solid&#8220; global_colors_info=&#8220;{}&#8220;]<span style=\"color: #ffffff; margin-right: 3%;\"><a style=\"color: #ffffff;\" href=\"https:\/\/kinderhilfe-salberghaus.de\/?page_id=73\">Start<\/a><\/span> <span style=\"color: #ffffff; margin-right: 3%;\"><a style=\"color: #ffffff;\" href=\"https:\/\/kinderhilfe-salberghaus.de\/?page_id=60\">Unsere Ziele<\/a><\/span> <span style=\"color: #ffffff; margin-right: 3%;\"><a style=\"color: #ffffff;\" href=\"https:\/\/kinderhilfe-salberghaus.de\/?page_id=68\">Projekte<\/a><\/span> <span style=\"color: #ffffff; margin-right: 3%;\"><a style=\"color: #ffffff;\" href=\"https:\/\/kinderhilfe-salberghaus.de\/?page_id=70\">Spenden<\/a><\/span> <span style=\"color: #ffffff; margin-right: 3%;\"><a style=\"color: #ffffff;\" href=\"https:\/\/kinderhilfe-salberghaus.de\/?page_id=66\">Mitglied werden<\/a><\/span><br \/>\n[\/et_pb_text][et_pb_divider color=&#8220;#ffffff&#8220; disabled_on=&#8220;on|on|off&#8220; admin_label=&#8220;Teiler&#8220; _builder_version=&#8220;4.16&#8243; height=&#8220;8px&#8220; hide_on_mobile=&#8220;on&#8220; global_colors_info=&#8220;{}&#8220;][\/et_pb_divider][et_pb_text admin_label=&#8220;Text&#8220; _builder_version=&#8220;4.16&#8243; background_size=&#8220;initial&#8220; background_position=&#8220;top_left&#8220; background_repeat=&#8220;repeat&#8220; text_orientation=&#8220;center&#8220; module_alignment=&#8220;center&#8220; use_border_color=&#8220;off&#8220; border_color=&#8220;#ffffff&#8220; border_style=&#8220;solid&#8220; global_colors_info=&#8220;{}&#8220;]<span style=\"color: #aaaaaa; margin-right: 3%;\"><a style=\"color: #aaaaaa;\" href=\"https:\/\/kinderhilfe-salberghaus.de\/?page_id=64\">Kontakt<\/a><\/span> <span style=\"color: #aaaaaa; margin-right: 3%;\"><a style=\"color: #aaaaaa;\" href=\"https:\/\/kinderhilfe-salberghaus.de\/?page_id=62\">Impressum<\/a><\/span> <span style=\"color: #aaaaaa; margin-right: 3%;\"><a style=\"color: #aaaaaa;\" href=\"https:\/\/kinderhilfe-salberghaus.de\/?page_id=90\">Datenschutzerkl\u00e4rung<\/a><\/span><br \/>\n[\/et_pb_text][\/et_pb_column][\/et_pb_row][\/et_pb_section][et_pb_section fb_built=&#8220;1&#8243; theme_builder_area=&#8220;post_content&#8220; _builder_version=&#8220;4.27.4&#8243; _module_preset=&#8220;default&#8220;][et_pb_row _builder_version=&#8220;4.27.4&#8243; _module_preset=&#8220;default&#8220; theme_builder_area=&#8220;post_content&#8220;][et_pb_column _builder_version=&#8220;4.27.4&#8243; _module_preset=&#8220;default&#8220; theme_builder_area=&#8220;post_content&#8220; type=&#8220;4_4&#8243;][\/et_pb_column][\/et_pb_row][\/et_pb_section]<\/p>\n","protected":false},"excerpt":{"rendered":"<p>Das Gel\u00e4nde des Salberghauses hat einige gro\u00dfe Gartenfl\u00e4chen, die von den Kindern bei jedem Wetter gerne genutzt werden. Neben einem wundersch\u00f6nen alten Baumbestand ist Platz f\u00fcr Spiel und Spa\u00df. Allerdings haben in den letzten Jahren die gro\u00dfen Kinder ein anspruchsvolles Kletterger\u00e4t vermisst &#8211; und deshalb musste mit Unterst\u00fctzung des F\u00f6rdervereins 2025 Abhilfe geschaffen werden. Es [&hellip;]<\/p>\n","protected":false},"author":1,"featured_media":0,"parent":68,"menu_order":0,"comment_status":"closed","ping_status":"closed","template":"","meta":{"_et_pb_use_builder":"on","_et_pb_old_content":"","_et_gb_content_width":"","footnotes":""},"class_list":["post-108","page","type-page","status-publish","hentry"],"_links":{"self":[{"href":"https:\/\/kinderhilfe-salberghaus.de\/index.php?rest_route=\/wp\/v2\/pages\/108","targetHints":{"allow":["GET"]}}],"collection":[{"href":"https:\/\/kinderhilfe-salberghaus.de\/index.php?rest_route=\/wp\/v2\/pages"}],"about":[{"href":"https:\/\/kinderhilfe-salberghaus.de\/index.php?rest_route=\/wp\/v2\/types\/page"}],"author":[{"embeddable":true,"href":"https:\/\/kinderhilfe-salberghaus.de\/index.php?rest_route=\/wp\/v2\/users\/1"}],"replies":[{"embeddable":true,"href":"https:\/\/kinderhilfe-salberghaus.de\/index.php?rest_route=%2Fwp%2Fv2%2Fcomments&post=108"}],"version-history":[{"count":19,"href":"https:\/\/kinderhilfe-salberghaus.de\/index.php?rest_route=\/wp\/v2\/pages\/108\/revisions"}],"predecessor-version":[{"id":635,"href":"https:\/\/kinderhilfe-salberghaus.de\/index.php?rest_route=\/wp\/v2\/pages\/108\/revisions\/635"}],"up":[{"embeddable":true,"href":"https:\/\/kinderhilfe-salberghaus.de\/index.php?rest_route=\/wp\/v2\/pages\/68"}],"wp:attachment":[{"href":"https:\/\/kinderhilfe-salberghaus.de\/index.php?rest_route=%2Fwp%2Fv2%2Fmedia&parent=108"}],"curies":[{"name":"wp","href":"https:\/\/api.w.org\/{rel}","templated":true}]}}