{"id":60,"date":"2017-02-09T10:08:19","date_gmt":"2017-02-09T09:08:19","guid":{"rendered":"http:\/\/kinderhilfe-salberghaus.de\/?page_id=60"},"modified":"2025-12-29T15:11:39","modified_gmt":"2025-12-29T14:11:39","slug":"das-sind-wir","status":"publish","type":"page","link":"https:\/\/kinderhilfe-salberghaus.de\/?page_id=60","title":{"rendered":"Unsere Ziele"},"content":{"rendered":"<p>[et_pb_section fb_built=&#8220;1&#8243; fullwidth=&#8220;on&#8220; admin_label=&#8220;Sektion&#8220; _builder_version=&#8220;4.16&#8243; global_colors_info=&#8220;{}&#8220;][et_pb_fullwidth_header title=&#8220;KINDERHILFE SALBERGHAUS Putzbrunn e.V.&#8220; subhead=&#8220;Wir geben Kindern eine Perspektive&#8220; header_image_url=&#8220;https:\/\/kinderhilfe-salberghaus.de\/wp-content\/uploads\/2017\/02\/vierPunkte.png&#8220; content_max_width=&#8220;none&#8220; admin_label=&#8220;Vollbreite Kopfzeile&#8220; _builder_version=&#8220;4.16&#8243; background_color=&#8220;#00ccff&#8220; button_one_letter_spacing_hover=&#8220;0&#8243; button_two_letter_spacing_hover=&#8220;0&#8243; global_colors_info=&#8220;{}&#8220; button_one_text_size__hover_enabled=&#8220;off&#8220; button_two_text_size__hover_enabled=&#8220;off&#8220; button_one_text_color__hover_enabled=&#8220;off&#8220; button_two_text_color__hover_enabled=&#8220;off&#8220; button_one_border_width__hover_enabled=&#8220;off&#8220; button_two_border_width__hover_enabled=&#8220;off&#8220; button_one_border_color__hover_enabled=&#8220;off&#8220; button_two_border_color__hover_enabled=&#8220;off&#8220; button_one_border_radius__hover_enabled=&#8220;off&#8220; button_two_border_radius__hover_enabled=&#8220;off&#8220; button_one_letter_spacing__hover_enabled=&#8220;on&#8220; button_one_letter_spacing__hover=&#8220;0&#8243; button_two_letter_spacing__hover_enabled=&#8220;on&#8220; button_two_letter_spacing__hover=&#8220;0&#8243; button_one_bg_color__hover_enabled=&#8220;off&#8220; button_two_bg_color__hover_enabled=&#8220;off&#8220;][\/et_pb_fullwidth_header][et_pb_fullwidth_image src=&#8220;http:\/\/kinderhilfe-salberghaus.de\/wp-content\/uploads\/2025\/12\/Sliderbild_Baukloetze.jpg&#8220; title_text=&#8220;Sliderbild_Baukloetze&#8220; _builder_version=&#8220;4.27.4&#8243; _module_preset=&#8220;default&#8220; global_colors_info=&#8220;{}&#8220;][\/et_pb_fullwidth_image][\/et_pb_section][et_pb_section fb_built=&#8220;1&#8243; specialty=&#8220;on&#8220; admin_label=&#8220;Sektion&#8220; _builder_version=&#8220;4.16&#8243; global_colors_info=&#8220;{}&#8220;][et_pb_column type=&#8220;3_4&#8243; specialty_columns=&#8220;3&#8243; _builder_version=&#8220;4.16&#8243; custom_padding=&#8220;|||&#8220; global_colors_info=&#8220;{}&#8220; custom_padding__hover=&#8220;|||&#8220;][et_pb_row_inner admin_label=&#8220;Zeile&#8220; _builder_version=&#8220;4.16&#8243; global_colors_info=&#8220;{}&#8220;][et_pb_column_inner saved_specialty_column_type=&#8220;3_4&#8243; _builder_version=&#8220;4.16&#8243; custom_padding=&#8220;|||&#8220; global_colors_info=&#8220;{}&#8220; custom_padding__hover=&#8220;|||&#8220;][et_pb_text admin_label=&#8220;Text&#8220; _builder_version=&#8220;4.16&#8243; background_size=&#8220;initial&#8220; background_position=&#8220;top_left&#8220; background_repeat=&#8220;repeat&#8220; text_orientation=&#8220;justified&#8220; use_border_color=&#8220;off&#8220; border_color=&#8220;#ffffff&#8220; border_style=&#8220;solid&#8220; global_colors_info=&#8220;{}&#8220;]<\/p>\n<p><strong>Unsere Ziele<\/strong>:<\/p>\n<p>Auch in der Mitte unserer Gesellschaft gibt es Kinder, die einen schweren Start ins Leben haben. Mit Ihrer regelm\u00e4\u00dfigen Spende helfen Sie uns dabei, diese bed\u00fcrftigen Kinder zu unterst\u00fctzen:<\/p>\n<p>&nbsp;<\/p>\n<ul>\n<li>Kinder, deren Leben zu Hause in hohem Ma\u00df gef\u00e4hrdet ist<\/li>\n<li>Kinder, die k\u00f6rperlicher oder seelischer Gewalt ausgeliefert sind<\/li>\n<li>Kinder, die vernachl\u00e4ssigt und unterversorgt sind<\/li>\n<li>Babies, die drogenbelastet auf die Welt kommen<\/li>\n<li>Kinder, die an den Folgen des \u00fcberm\u00e4\u00dfigen Alkoholkonsums ihrer Eltern leiden<\/li>\n<li>Kinder, die nach sexuellem Missbrauch und Gewalt in ihrem Umfeld traumatisiert sind<\/li>\n<li>Kinder, die aufgrund verschiedener Ursachen massiv entwicklungsverz\u00f6gert sind<\/li>\n<\/ul>\n<p>&nbsp;<\/p>\n<p>Durch die Unterst\u00fctzung des Vereins kann das Salberghaus diesen gef\u00e4hrdeten S\u00e4uglingen und Kindern Schutz und Sicherheit bieten. Dort erhalten sie die Chance, neues Vertrauen in sich und ihre Umwelt zu entwickeln.<\/p>\n<p>&nbsp;<\/p>\n<p>Der Verein Kinderhilfe Salberghaus Putzbrunn e. V. hat sich zum Ziel gesetzt, die Arbeit mit diesen Kindern und deren Familien gezielt zu unterst\u00fctzen. Dazu ben\u00f6tigen wir die tatkr\u00e4ftige und finanzielle Unterst\u00fctzung von Ihnen!<\/p>\n<p>&nbsp;<\/p>\n<p>Mehr dazu: <a href=\"http:\/\/www.salberghaus.de\">www.salberghaus.de<\/a><\/p>\n<p>[\/et_pb_text][\/et_pb_column_inner][\/et_pb_row_inner][et_pb_row_inner admin_label=&#8220;Zeile&#8220; _builder_version=&#8220;4.16&#8243; global_colors_info=&#8220;{}&#8220;][et_pb_column_inner saved_specialty_column_type=&#8220;3_4&#8243; _builder_version=&#8220;4.16&#8243; custom_padding=&#8220;|||&#8220; global_colors_info=&#8220;{}&#8220; custom_padding__hover=&#8220;|||&#8220;][et_pb_cta title=&#8220;Vereinssatzung&#8220; button_url=&#8220;https:\/\/kinderhilfe-salberghaus.de\/wp-content\/uploads\/2017\/02\/Vereinssatzung_2002-05-14.pdf&#8220; url_new_window=&#8220;on&#8220; button_text=&#8220;Vereinssatzung herunterladen&#8220; admin_label=&#8220;Handlungsaufruf&#8220; _builder_version=&#8220;4.16&#8243; background_color=&#8220;#00ccff&#8220; background_size=&#8220;initial&#8220; background_position=&#8220;top_left&#8220; background_repeat=&#8220;repeat&#8220; use_border_color=&#8220;off&#8220; border_color=&#8220;#ffffff&#8220; border_style=&#8220;solid&#8220; button_letter_spacing_hover=&#8220;0&#8243; global_colors_info=&#8220;{}&#8220; button_text_size__hover_enabled=&#8220;off&#8220; button_one_text_size__hover_enabled=&#8220;off&#8220; button_two_text_size__hover_enabled=&#8220;off&#8220; button_text_color__hover_enabled=&#8220;off&#8220; button_one_text_color__hover_enabled=&#8220;off&#8220; button_two_text_color__hover_enabled=&#8220;off&#8220; button_border_width__hover_enabled=&#8220;off&#8220; button_one_border_width__hover_enabled=&#8220;off&#8220; button_two_border_width__hover_enabled=&#8220;off&#8220; button_border_color__hover_enabled=&#8220;off&#8220; button_one_border_color__hover_enabled=&#8220;off&#8220; button_two_border_color__hover_enabled=&#8220;off&#8220; button_border_radius__hover_enabled=&#8220;off&#8220; button_one_border_radius__hover_enabled=&#8220;off&#8220; button_two_border_radius__hover_enabled=&#8220;off&#8220; button_letter_spacing__hover_enabled=&#8220;on&#8220; button_letter_spacing__hover=&#8220;0&#8243; button_one_letter_spacing__hover_enabled=&#8220;off&#8220; button_two_letter_spacing__hover_enabled=&#8220;off&#8220; button_bg_color__hover_enabled=&#8220;off&#8220; button_one_bg_color__hover_enabled=&#8220;off&#8220; button_two_bg_color__hover_enabled=&#8220;off&#8220;][\/et_pb_cta][\/et_pb_column_inner][\/et_pb_row_inner][\/et_pb_column][et_pb_column type=&#8220;1_4&#8243; _builder_version=&#8220;4.16&#8243; custom_padding=&#8220;|||&#8220; global_colors_info=&#8220;{}&#8220; custom_padding__hover=&#8220;|||&#8220;][et_pb_text admin_label=&#8220;Text&#8220; _builder_version=&#8220;4.27.2&#8243; background_size=&#8220;initial&#8220; background_position=&#8220;top_left&#8220; background_repeat=&#8220;repeat&#8220; custom_padding=&#8220;8px|8px|8px|8px&#8220; border_width_all=&#8220;0px&#8220; border_color_all=&#8220;#00ccff&#8220; border_style_all=&#8220;solid&#8220; use_border_color=&#8220;on&#8220; border_color=&#8220;#00ccff&#8220; border_style=&#8220;solid&#8220; global_colors_info=&#8220;{}&#8220;]<\/p>\n<h2>Ihre Ansprechpartner<\/h2>\n<p><a href=\"&#x6d;&#x61;&#x69;&#x6c;&#x74;&#x6f;&#x3a;&#x6d;&#x61;&#x72;&#x74;&#x69;&#x6e;&#x2e;&#x68;&#x61;&#x63;&#x6b;&#x65;&#x72;&#x40;&#x6b;&#x69;&#x6e;&#x64;&#x65;&#x72;&#x68;&#x69;&#x6c;&#x66;&#x65;&#x2d;&#x73;&#x61;&#x6c;&#x62;&#x65;&#x72;&#x67;&#x68;&#x61;&#x75;&#x73;&#46;&#100;&#101;\" target=\"_blank\" rel=\"noopener\">Martin Hacker<\/a><br \/>(Vorsitzender des Vorstands)<\/p>\n<p><a href=\"&#x6d;&#97;i&#x6c;&#x74;&#111;:&#x68;&#101;i&#x64;&#x69;&#46;s&#x70;&#105;c&#x6b;&#x61;&#64;k&#x69;&#x6e;&#100;&#x65;&#x72;&#104;i&#x6c;&#x66;&#101;-&#x73;&#97;l&#x62;&#x65;&#114;g&#x68;&#97;u&#x73;&#x2e;&#100;e\" target=\"_blank\" rel=\"noopener\">Heidi Spicka<\/a><br \/>(Stellvertretende Vorsitzende)<\/p>\n<p><strong>Telefon (Zentrale): <\/strong>089-60093-0<\/p>\n<p><img decoding=\"async\" src=\"https:\/\/kinderhilfe-salberghaus.de\/wp-content\/uploads\/2017\/03\/pdf.png\" alt=\"PDF-Datei\" \/><a href=\"https:\/\/kinderhilfe-salberghaus.de\/wp-content\/uploads\/2017\/03\/Flyer_Kinderhilfe_Salberghaus_2016.pdf\" target=\"_blank\" rel=\"noopener\">Flyer Kinderhilfe Salberghaus<\/a><\/p>\n<p>[\/et_pb_text][\/et_pb_column][\/et_pb_section][et_pb_section fb_built=&#8220;1&#8243; admin_label=&#8220;section&#8220; _builder_version=&#8220;4.16&#8243; global_colors_info=&#8220;{}&#8220;][et_pb_row column_structure=&#8220;3_4,1_4&#8243; admin_label=&#8220;row&#8220; _builder_version=&#8220;4.16&#8243; background_size=&#8220;initial&#8220; background_position=&#8220;top_left&#8220; background_repeat=&#8220;repeat&#8220; global_colors_info=&#8220;{}&#8220;][et_pb_column type=&#8220;3_4&#8243; _builder_version=&#8220;4.16&#8243; custom_padding=&#8220;|||&#8220; global_colors_info=&#8220;{}&#8220; custom_padding__hover=&#8220;|||&#8220;][et_pb_image src=&#8220;https:\/\/kinderhilfe-salberghaus.de\/wp-content\/uploads\/2017\/02\/FooterBilder.png&#8220; align_tablet=&#8220;center&#8220; align_phone=&#8220;center&#8220; align_last_edited=&#8220;on|desktop&#8220; admin_label=&#8220;Bild&#8220; _builder_version=&#8220;4.16&#8243; animation_style=&#8220;slide&#8220; animation_direction=&#8220;left&#8220; animation_duration=&#8220;500ms&#8220; animation_intensity_slide=&#8220;10%&#8220; animation=&#8220;left&#8220; use_border_color=&#8220;off&#8220; border_color=&#8220;#ffffff&#8220; border_style=&#8220;solid&#8220; sticky=&#8220;off&#8220; always_center_on_mobile=&#8220;on&#8220; global_colors_info=&#8220;{}&#8220;][\/et_pb_image][\/et_pb_column][et_pb_column type=&#8220;1_4&#8243; _builder_version=&#8220;4.16&#8243; custom_padding=&#8220;|||&#8220; global_colors_info=&#8220;{}&#8220; custom_padding__hover=&#8220;|||&#8220;][et_pb_image src=&#8220;https:\/\/kinderhilfe-salberghaus.de\/wp-content\/uploads\/2017\/02\/6110219.png&#8220; align_tablet=&#8220;center&#8220; align_phone=&#8220;center&#8220; align_last_edited=&#8220;on|desktop&#8220; admin_label=&#8220;Bild&#8220; _builder_version=&#8220;4.16&#8243; animation_style=&#8220;slide&#8220; animation_direction=&#8220;left&#8220; animation_duration=&#8220;500ms&#8220; animation_intensity_slide=&#8220;10%&#8220; animation=&#8220;left&#8220; use_border_color=&#8220;off&#8220; border_color=&#8220;#ffffff&#8220; border_style=&#8220;solid&#8220; sticky=&#8220;off&#8220; always_center_on_mobile=&#8220;on&#8220; global_colors_info=&#8220;{}&#8220;][\/et_pb_image][\/et_pb_column][\/et_pb_row][\/et_pb_section][et_pb_section fb_built=&#8220;1&#8243; admin_label=&#8220;Sektion&#8220; _builder_version=&#8220;4.16&#8243; background_color=&#8220;#171717&#8243; transparent_background=&#8220;off&#8220; make_fullwidth=&#8220;off&#8220; use_custom_width=&#8220;off&#8220; width_unit=&#8220;on&#8220; global_colors_info=&#8220;{}&#8220;][et_pb_row admin_label=&#8220;Zeile&#8220; _builder_version=&#8220;4.16&#8243; background_size=&#8220;initial&#8220; background_position=&#8220;top_left&#8220; background_repeat=&#8220;repeat&#8220; global_colors_info=&#8220;{}&#8220;][et_pb_column type=&#8220;4_4&#8243; _builder_version=&#8220;4.16&#8243; custom_padding=&#8220;|||&#8220; global_colors_info=&#8220;{}&#8220; custom_padding__hover=&#8220;|||&#8220;][et_pb_text admin_label=&#8220;Text&#8220; _builder_version=&#8220;4.16&#8243; background_size=&#8220;initial&#8220; background_position=&#8220;top_left&#8220; background_repeat=&#8220;repeat&#8220; text_orientation=&#8220;center&#8220; module_alignment=&#8220;center&#8220; use_border_color=&#8220;off&#8220; border_color=&#8220;#ffffff&#8220; border_style=&#8220;solid&#8220; global_colors_info=&#8220;{}&#8220;]<span style=\"color: #ffffff; margin-right: 3%;\"><a style=\"color: #ffffff;\" href=\"https:\/\/kinderhilfe-salberghaus.de\/?page_id=73\">Start<\/a><\/span> <span style=\"color: #ffffff; margin-right: 3%;\"><a style=\"color: #ffffff;\" href=\"https:\/\/kinderhilfe-salberghaus.de\/?page_id=60\">Unsere Ziele<\/a><\/span> <span style=\"color: #ffffff; margin-right: 3%;\"><a style=\"color: #ffffff;\" href=\"https:\/\/kinderhilfe-salberghaus.de\/?page_id=68\">Projekte<\/a><\/span> <span style=\"color: #ffffff; margin-right: 3%;\"><a style=\"color: #ffffff;\" href=\"https:\/\/kinderhilfe-salberghaus.de\/?page_id=70\">Spenden<\/a><\/span> <span style=\"color: #ffffff; margin-right: 3%;\"><a style=\"color: #ffffff;\" href=\"https:\/\/kinderhilfe-salberghaus.de\/?page_id=66\">Mitglied werden<\/a><\/span><br \/>\n[\/et_pb_text][et_pb_divider color=&#8220;#ffffff&#8220; disabled_on=&#8220;on|on|off&#8220; admin_label=&#8220;Teiler&#8220; _builder_version=&#8220;4.16&#8243; height=&#8220;8px&#8220; hide_on_mobile=&#8220;on&#8220; global_colors_info=&#8220;{}&#8220;][\/et_pb_divider][et_pb_text admin_label=&#8220;Text&#8220; _builder_version=&#8220;4.16&#8243; background_size=&#8220;initial&#8220; background_position=&#8220;top_left&#8220; background_repeat=&#8220;repeat&#8220; text_orientation=&#8220;center&#8220; module_alignment=&#8220;center&#8220; use_border_color=&#8220;off&#8220; border_color=&#8220;#ffffff&#8220; border_style=&#8220;solid&#8220; global_colors_info=&#8220;{}&#8220;]<span style=\"color: #aaaaaa; margin-right: 3%;\"><a style=\"color: #aaaaaa;\" href=\"https:\/\/kinderhilfe-salberghaus.de\/?page_id=64\">Kontakt<\/a><\/span> <span style=\"color: #aaaaaa; margin-right: 3%;\"><a style=\"color: #aaaaaa;\" href=\"https:\/\/kinderhilfe-salberghaus.de\/?page_id=62\">Impressum<\/a><\/span> <span style=\"color: #aaaaaa; margin-right: 3%;\"><a style=\"color: #aaaaaa;\" href=\"https:\/\/kinderhilfe-salberghaus.de\/?page_id=90\">Datenschutzerkl\u00e4rung<\/a><\/span><br \/>\n[\/et_pb_text][\/et_pb_column][\/et_pb_row][\/et_pb_section]<\/p>\n","protected":false},"excerpt":{"rendered":"<p>Unsere Ziele: Auch in der Mitte unserer Gesellschaft gibt es Kinder, die einen schweren Start ins Leben haben. Mit Ihrer regelm\u00e4\u00dfigen Spende helfen Sie uns dabei, diese bed\u00fcrftigen Kinder zu unterst\u00fctzen: &nbsp; Kinder, deren Leben zu Hause in hohem Ma\u00df gef\u00e4hrdet ist Kinder, die k\u00f6rperlicher oder seelischer Gewalt ausgeliefert sind Kinder, die vernachl\u00e4ssigt und unterversorgt [&hellip;]<\/p>\n","protected":false},"author":1,"featured_media":0,"parent":0,"menu_order":0,"comment_status":"closed","ping_status":"closed","template":"","meta":{"_et_pb_use_builder":"on","_et_pb_old_content":"","_et_gb_content_width":"","footnotes":""},"class_list":["post-60","page","type-page","status-publish","hentry"],"_links":{"self":[{"href":"https:\/\/kinderhilfe-salberghaus.de\/index.php?rest_route=\/wp\/v2\/pages\/60","targetHints":{"allow":["GET"]}}],"collection":[{"href":"https:\/\/kinderhilfe-salberghaus.de\/index.php?rest_route=\/wp\/v2\/pages"}],"about":[{"href":"https:\/\/kinderhilfe-salberghaus.de\/index.php?rest_route=\/wp\/v2\/types\/page"}],"author":[{"embeddable":true,"href":"https:\/\/kinderhilfe-salberghaus.de\/index.php?rest_route=\/wp\/v2\/users\/1"}],"replies":[{"embeddable":true,"href":"https:\/\/kinderhilfe-salberghaus.de\/index.php?rest_route=%2Fwp%2Fv2%2Fcomments&post=60"}],"version-history":[{"count":20,"href":"https:\/\/kinderhilfe-salberghaus.de\/index.php?rest_route=\/wp\/v2\/pages\/60\/revisions"}],"predecessor-version":[{"id":645,"href":"https:\/\/kinderhilfe-salberghaus.de\/index.php?rest_route=\/wp\/v2\/pages\/60\/revisions\/645"}],"wp:attachment":[{"href":"https:\/\/kinderhilfe-salberghaus.de\/index.php?rest_route=%2Fwp%2Fv2%2Fmedia&parent=60"}],"curies":[{"name":"wp","href":"https:\/\/api.w.org\/{rel}","templated":true}]}}