{"id":66,"date":"2017-02-09T10:09:01","date_gmt":"2017-02-09T09:09:01","guid":{"rendered":"http:\/\/kinderhilfe-salberghaus.de\/?page_id=66"},"modified":"2024-10-20T20:46:39","modified_gmt":"2024-10-20T19:46:39","slug":"mitglied-werden","status":"publish","type":"page","link":"https:\/\/kinderhilfe-salberghaus.de\/?page_id=66","title":{"rendered":"Mitglied werden"},"content":{"rendered":"<p>[et_pb_section fb_built=&#8220;1&#8243; fullwidth=&#8220;on&#8220; admin_label=&#8220;Sektion&#8220; _builder_version=&#8220;4.16&#8243; global_colors_info=&#8220;{}&#8220;][et_pb_fullwidth_header title=&#8220;KINDERHILFE SALBERGHAUS Putzbrunn e.V.&#8220; subhead=&#8220;Wir geben Kindern eine Perspektive&#8220; header_image_url=&#8220;https:\/\/kinderhilfe-salberghaus.de\/wp-content\/uploads\/2017\/02\/vierPunkte.png&#8220; content_max_width=&#8220;none&#8220; admin_label=&#8220;Vollbreite Kopfzeile&#8220; _builder_version=&#8220;4.16&#8243; background_color=&#8220;#00ccff&#8220; button_one_letter_spacing_hover=&#8220;0&#8243; button_two_letter_spacing_hover=&#8220;0&#8243; global_colors_info=&#8220;{}&#8220; button_one_text_size__hover_enabled=&#8220;off&#8220; button_two_text_size__hover_enabled=&#8220;off&#8220; button_one_text_color__hover_enabled=&#8220;off&#8220; button_two_text_color__hover_enabled=&#8220;off&#8220; button_one_border_width__hover_enabled=&#8220;off&#8220; button_two_border_width__hover_enabled=&#8220;off&#8220; button_one_border_color__hover_enabled=&#8220;off&#8220; button_two_border_color__hover_enabled=&#8220;off&#8220; button_one_border_radius__hover_enabled=&#8220;off&#8220; button_two_border_radius__hover_enabled=&#8220;off&#8220; button_one_letter_spacing__hover_enabled=&#8220;on&#8220; button_one_letter_spacing__hover=&#8220;0&#8243; button_two_letter_spacing__hover_enabled=&#8220;on&#8220; button_two_letter_spacing__hover=&#8220;0&#8243; button_one_bg_color__hover_enabled=&#8220;off&#8220; button_two_bg_color__hover_enabled=&#8220;off&#8220;][\/et_pb_fullwidth_header][et_pb_fullwidth_image src=&#8220;https:\/\/kinderhilfe-salberghaus.de\/wp-content\/uploads\/2017\/02\/Fr\u00fchling.png&#8220; admin_label=&#8220;Volle Breite des Bildes&#8220; _builder_version=&#8220;4.16&#8243; animation_style=&#8220;slide&#8220; animation_direction=&#8220;left&#8220; animation_duration=&#8220;500ms&#8220; animation_intensity_slide=&#8220;10%&#8220; animation=&#8220;left&#8220; use_border_color=&#8220;off&#8220; border_color=&#8220;#ffffff&#8220; border_style=&#8220;solid&#8220; global_colors_info=&#8220;{}&#8220;][\/et_pb_fullwidth_image][\/et_pb_section][et_pb_section fb_built=&#8220;1&#8243; specialty=&#8220;on&#8220; admin_label=&#8220;Sektion&#8220; _builder_version=&#8220;4.16&#8243; global_colors_info=&#8220;{}&#8220;][et_pb_column type=&#8220;3_4&#8243; specialty_columns=&#8220;3&#8243; _builder_version=&#8220;4.16&#8243; custom_padding=&#8220;|||&#8220; global_colors_info=&#8220;{}&#8220; custom_padding__hover=&#8220;|||&#8220;][et_pb_row_inner admin_label=&#8220;Zeile&#8220; _builder_version=&#8220;4.16&#8243; global_colors_info=&#8220;{}&#8220;][et_pb_column_inner saved_specialty_column_type=&#8220;3_4&#8243; _builder_version=&#8220;4.16&#8243; custom_padding=&#8220;|||&#8220; global_colors_info=&#8220;{}&#8220; custom_padding__hover=&#8220;|||&#8220;][et_pb_text admin_label=&#8220;Text&#8220; _builder_version=&#8220;4.16&#8243; background_size=&#8220;initial&#8220; background_position=&#8220;top_left&#8220; background_repeat=&#8220;repeat&#8220; text_orientation=&#8220;justified&#8220; use_border_color=&#8220;off&#8220; border_color=&#8220;#ffffff&#8220; border_style=&#8220;solid&#8220; global_colors_info=&#8220;{}&#8220;]<\/p>\n<h1>Wir brauchen Sie!<\/h1>\n<h2>Helfen Sie mit, Kindern eine neue Perspektive zu geben!<\/h2>\n<p><strong>Werden Sie Mitglied in unserem F\u00f6rderverein Kinderhilfe Salberghaus Putzbrunn e.V. und helfen Sie so mit, Kindern und Familien in schwierigsten Lebenslagen eine neue tragf\u00e4hige Perspektive zu erm\u00f6glichen.<\/strong><\/p>\n<p>&nbsp;<\/p>\n<p>Mit einer Mitgliedschaft<\/p>\n<ul>\n<li>unterst\u00fctzen Sie \u00fcber Ihren Mitgliedsbeitrag direkt die Kinder des Salberghauses in Putzbrunn.<\/li>\n<li>st\u00e4rken Sie das Anliegen des Vereins, die Notwendigkeit der Unterst\u00fctzung in der \u00d6ffentlichkeit bekannt zu machen.<\/li>\n<li>f\u00f6rdern Sie die ehrenamtliche T\u00e4tigkeit aller aktiven Vereinsmitglieder.<\/li>\n<\/ul>\n<p>Unsere aktiven Mitglieder beteiligen sich zum Beispiel an der Gestaltung von St\u00e4nden bei Stra\u00dfenfesten, Christkindlm\u00e4rkten u. \u00e4.<\/p>\n<p>&nbsp;<\/p>\n<h3>Jedes neue Mitglied ist in unserem F\u00f6rderverein herzlich willkommen!<\/h3>\n<p>[\/et_pb_text][\/et_pb_column_inner][\/et_pb_row_inner][et_pb_row_inner admin_label=&#8220;Zeile&#8220; _builder_version=&#8220;4.16&#8243; global_colors_info=&#8220;{}&#8220;][et_pb_column_inner saved_specialty_column_type=&#8220;3_4&#8243; _builder_version=&#8220;4.16&#8243; custom_padding=&#8220;|||&#8220; global_colors_info=&#8220;{}&#8220; custom_padding__hover=&#8220;|||&#8220;][et_pb_cta title=&#8220;Mitgliedsantrag&#8220; button_url=&#8220;http:\/\/kinderhilfe-salberghaus.de\/wp-content\/uploads\/2017\/03\/Mitgliedsantrag_Formular_2017_v1.pdf&#8220; url_new_window=&#8220;on&#8220; button_text=&#8220;Antragsformular \u00f6ffnen&#8220; admin_label=&#8220;Handlungsaufruf&#8220; _builder_version=&#8220;4.16&#8243; background_color=&#8220;#00ccff&#8220; background_size=&#8220;initial&#8220; background_position=&#8220;top_left&#8220; background_repeat=&#8220;repeat&#8220; use_border_color=&#8220;off&#8220; border_color=&#8220;#ffffff&#8220; border_style=&#8220;solid&#8220; button_letter_spacing_hover=&#8220;0&#8243; global_colors_info=&#8220;{}&#8220; button_text_size__hover_enabled=&#8220;off&#8220; button_one_text_size__hover_enabled=&#8220;off&#8220; button_two_text_size__hover_enabled=&#8220;off&#8220; button_text_color__hover_enabled=&#8220;off&#8220; button_one_text_color__hover_enabled=&#8220;off&#8220; button_two_text_color__hover_enabled=&#8220;off&#8220; button_border_width__hover_enabled=&#8220;off&#8220; button_one_border_width__hover_enabled=&#8220;off&#8220; button_two_border_width__hover_enabled=&#8220;off&#8220; button_border_color__hover_enabled=&#8220;off&#8220; button_one_border_color__hover_enabled=&#8220;off&#8220; button_two_border_color__hover_enabled=&#8220;off&#8220; button_border_radius__hover_enabled=&#8220;off&#8220; button_one_border_radius__hover_enabled=&#8220;off&#8220; button_two_border_radius__hover_enabled=&#8220;off&#8220; button_letter_spacing__hover_enabled=&#8220;on&#8220; button_letter_spacing__hover=&#8220;0&#8243; button_one_letter_spacing__hover_enabled=&#8220;off&#8220; button_two_letter_spacing__hover_enabled=&#8220;off&#8220; button_bg_color__hover_enabled=&#8220;off&#8220; button_one_bg_color__hover_enabled=&#8220;off&#8220; button_two_bg_color__hover_enabled=&#8220;off&#8220;][\/et_pb_cta][et_pb_text admin_label=&#8220;Text&#8220; _builder_version=&#8220;4.16&#8243; background_size=&#8220;initial&#8220; background_position=&#8220;top_left&#8220; background_repeat=&#8220;repeat&#8220; use_border_color=&#8220;off&#8220; border_color=&#8220;#ffffff&#8220; border_style=&#8220;solid&#8220; global_colors_info=&#8220;{}&#8220;]<strong>Hinweis:<\/strong><\/p>\n<p>Das Formular kann online ausgef\u00fcllt, gespeichert und ausgedruckt werden, wenn Sie es mit dem Adobe Reader \u00f6ffnen.<br \/>\nViele Webbrowser \u00f6ffnen PDF automatisch mit einer Javascript-Bibliothek. Diese unterst\u00fctzt aber keine PDF-Formulare.<br \/>\n[\/et_pb_text][\/et_pb_column_inner][\/et_pb_row_inner][\/et_pb_column][et_pb_column type=&#8220;1_4&#8243; _builder_version=&#8220;4.16&#8243; custom_padding=&#8220;|||&#8220; global_colors_info=&#8220;{}&#8220; custom_padding__hover=&#8220;|||&#8220;][et_pb_sidebar area=&#8220;sidebar-1&#8243; admin_label=&#8220;Seitenleiste&#8220; _builder_version=&#8220;4.16&#8243; header_font_size=&#8220;14&#8243; body_font_size=&#8220;12&#8243; remove_border=&#8220;off&#8220; global_colors_info=&#8220;{}&#8220;][\/et_pb_sidebar][et_pb_text admin_label=&#8220;Text&#8220; _builder_version=&#8220;4.27.2&#8243; background_size=&#8220;initial&#8220; background_position=&#8220;top_left&#8220; background_repeat=&#8220;repeat&#8220; custom_padding=&#8220;8px|8px|8px|8px&#8220; hover_enabled=&#8220;0&#8243; border_width_all=&#8220;0px&#8220; border_color_all=&#8220;#00ccff&#8220; border_style_all=&#8220;solid&#8220; use_border_color=&#8220;on&#8220; border_color=&#8220;#00ccff&#8220; border_style=&#8220;solid&#8220; global_colors_info=&#8220;{}&#8220; sticky_enabled=&#8220;0&#8243;]<\/p>\n<h2>Ihre Ansprechpartner<\/h2>\n<p><a href=\"&#109;a&#x69;l&#x74;o&#x3a;m&#x61;r&#x74;i&#x6e;&#46;&#x68;&#97;&#x63;&#107;&#x65;&#114;&#x40;&#107;&#x69;&#110;&#x64;&#101;r&#x68;i&#x6c;f&#x65;-&#x73;a&#x6c;b&#x65;&#114;&#x67;&#104;&#x61;&#117;&#x73;&#46;&#x64;&#101;\" target=\"_blank\" rel=\"noopener\">Martin Hacker<\/a><br \/>\n(Vorsitzender des Vorstands)<\/p>\n<p><a href=\"&#x6d;&#97;i&#x6c;&#x74;&#111;:&#x68;&#x65;&#105;d&#x69;&#x2e;&#115;p&#x69;&#x63;&#107;a&#x40;&#107;&#105;n&#x64;&#101;r&#x68;&#x69;&#108;f&#x65;&#x2d;&#115;a&#x6c;&#x62;&#101;r&#x67;&#x68;&#97;u&#x73;&#x2e;&#100;e\" target=\"_blank\" rel=\"noopener\">Heidi Spicka<\/a><br \/>\n(Stellvertretende Vorsitzende)<\/p>\n<p><strong>Telefon (Zentrale): <\/strong>089-60093-0<\/p>\n<p><img decoding=\"async\" src=\"https:\/\/kinderhilfe-salberghaus.de\/wp-content\/uploads\/2017\/03\/pdf.png\" alt=\"PDF-Datei\"><a href=\"https:\/\/kinderhilfe-salberghaus.de\/wp-content\/uploads\/2017\/03\/Flyer_Kinderhilfe_Salberghaus_2016.pdf\" target=\"_blank\" rel=\"noopener\">Flyer Kinderhilfe Salberghaus<\/a><br \/>\n[\/et_pb_text][\/et_pb_column][\/et_pb_section][et_pb_section fb_built=&#8220;1&#8243; admin_label=&#8220;section&#8220; _builder_version=&#8220;4.16&#8243; global_colors_info=&#8220;{}&#8220;][et_pb_row admin_label=&#8220;row&#8220; _builder_version=&#8220;4.16&#8243; background_size=&#8220;initial&#8220; background_position=&#8220;top_left&#8220; background_repeat=&#8220;repeat&#8220; global_colors_info=&#8220;{}&#8220; column_structure=&#8220;3_4,1_4&#8243;][et_pb_column type=&#8220;3_4&#8243; _builder_version=&#8220;4.16&#8243; custom_padding=&#8220;|||&#8220; global_colors_info=&#8220;{}&#8220; custom_padding__hover=&#8220;|||&#8220;][et_pb_image src=&#8220;https:\/\/kinderhilfe-salberghaus.de\/wp-content\/uploads\/2017\/02\/FooterBilder.png&#8220; align_tablet=&#8220;center&#8220; align_last_edited=&#8220;on|desktop&#8220; admin_label=&#8220;Bild&#8220; _builder_version=&#8220;4.16&#8243; animation_style=&#8220;slide&#8220; animation_direction=&#8220;left&#8220; animation_duration=&#8220;500ms&#8220; animation_intensity_slide=&#8220;10%&#8220; animation=&#8220;left&#8220; use_border_color=&#8220;off&#8220; border_color=&#8220;#ffffff&#8220; border_style=&#8220;solid&#8220; sticky=&#8220;off&#8220; always_center_on_mobile=&#8220;on&#8220; global_colors_info=&#8220;{}&#8220; align_phone=&#8220;center&#8220;][\/et_pb_image][\/et_pb_column][et_pb_column type=&#8220;1_4&#8243; _builder_version=&#8220;4.16&#8243; custom_padding=&#8220;|||&#8220; global_colors_info=&#8220;{}&#8220; custom_padding__hover=&#8220;|||&#8220;][et_pb_image src=&#8220;https:\/\/kinderhilfe-salberghaus.de\/wp-content\/uploads\/2017\/02\/6110219.png&#8220; align_tablet=&#8220;center&#8220; align_last_edited=&#8220;on|desktop&#8220; admin_label=&#8220;Bild&#8220; _builder_version=&#8220;4.16&#8243; animation_style=&#8220;slide&#8220; animation_direction=&#8220;left&#8220; animation_duration=&#8220;500ms&#8220; animation_intensity_slide=&#8220;10%&#8220; animation=&#8220;left&#8220; use_border_color=&#8220;off&#8220; border_color=&#8220;#ffffff&#8220; border_style=&#8220;solid&#8220; sticky=&#8220;off&#8220; always_center_on_mobile=&#8220;on&#8220; global_colors_info=&#8220;{}&#8220; align_phone=&#8220;center&#8220;][\/et_pb_image][\/et_pb_column][\/et_pb_row][\/et_pb_section][et_pb_section fb_built=&#8220;1&#8243; admin_label=&#8220;Sektion&#8220; _builder_version=&#8220;4.16&#8243; background_color=&#8220;#171717&#8243; transparent_background=&#8220;off&#8220; make_fullwidth=&#8220;off&#8220; use_custom_width=&#8220;off&#8220; width_unit=&#8220;on&#8220; global_colors_info=&#8220;{}&#8220;][et_pb_row admin_label=&#8220;Zeile&#8220; _builder_version=&#8220;4.16&#8243; background_size=&#8220;initial&#8220; background_position=&#8220;top_left&#8220; background_repeat=&#8220;repeat&#8220; global_colors_info=&#8220;{}&#8220;][et_pb_column type=&#8220;4_4&#8243; _builder_version=&#8220;4.16&#8243; custom_padding=&#8220;|||&#8220; global_colors_info=&#8220;{}&#8220; custom_padding__hover=&#8220;|||&#8220;][et_pb_text admin_label=&#8220;Text&#8220; _builder_version=&#8220;4.16&#8243; background_size=&#8220;initial&#8220; background_position=&#8220;top_left&#8220; background_repeat=&#8220;repeat&#8220; text_orientation=&#8220;center&#8220; module_alignment=&#8220;center&#8220; use_border_color=&#8220;off&#8220; border_color=&#8220;#ffffff&#8220; border_style=&#8220;solid&#8220; global_colors_info=&#8220;{}&#8220;]<span style=\"color: #ffffff; margin-right: 3%;\"><a style=\"color: #ffffff;\" href=\"https:\/\/kinderhilfe-salberghaus.de\/?page_id=73\">Start<\/a><\/span> <span style=\"color: #ffffff; margin-right: 3%;\"><a style=\"color: #ffffff;\" href=\"https:\/\/kinderhilfe-salberghaus.de\/?page_id=60\">Unsere Ziele<\/a><\/span> <span style=\"color: #ffffff; margin-right: 3%;\"><a style=\"color: #ffffff;\" href=\"https:\/\/kinderhilfe-salberghaus.de\/?page_id=68\">Projekte<\/a><\/span> <span style=\"color: #ffffff; margin-right: 3%;\"><a style=\"color: #ffffff;\" href=\"https:\/\/kinderhilfe-salberghaus.de\/?page_id=70\">Spenden<\/a><\/span> <span style=\"color: #ffffff; margin-right: 3%;\"><a style=\"color: #ffffff;\" href=\"https:\/\/kinderhilfe-salberghaus.de\/?page_id=66\">Mitglied werden<\/a><\/span><br \/>\n[\/et_pb_text][et_pb_divider color=&#8220;#ffffff&#8220; disabled_on=&#8220;on|on|off&#8220; admin_label=&#8220;Teiler&#8220; _builder_version=&#8220;4.16&#8243; height=&#8220;8px&#8220; hide_on_mobile=&#8220;on&#8220; global_colors_info=&#8220;{}&#8220;][\/et_pb_divider][et_pb_text admin_label=&#8220;Text&#8220; _builder_version=&#8220;4.16&#8243; background_size=&#8220;initial&#8220; background_position=&#8220;top_left&#8220; background_repeat=&#8220;repeat&#8220; text_orientation=&#8220;center&#8220; module_alignment=&#8220;center&#8220; use_border_color=&#8220;off&#8220; border_color=&#8220;#ffffff&#8220; border_style=&#8220;solid&#8220; global_colors_info=&#8220;{}&#8220;]<span style=\"color: #aaaaaa; margin-right: 3%;\"><a style=\"color: #aaaaaa;\" href=\"https:\/\/kinderhilfe-salberghaus.de\/?page_id=64\">Kontakt<\/a><\/span> <span style=\"color: #aaaaaa; margin-right: 3%;\"><a style=\"color: #aaaaaa;\" href=\"https:\/\/kinderhilfe-salberghaus.de\/?page_id=62\">Impressum<\/a><\/span> <span style=\"color: #aaaaaa; margin-right: 3%;\"><a style=\"color: #aaaaaa;\" href=\"https:\/\/kinderhilfe-salberghaus.de\/?page_id=90\">Datenschutzerkl\u00e4rung<\/a><\/span><br \/>\n[\/et_pb_text][\/et_pb_column][\/et_pb_row][\/et_pb_section]<\/p>\n","protected":false},"excerpt":{"rendered":"<p>Wir brauchen Sie! Helfen Sie mit, Kindern eine neue Perspektive zu geben! Werden Sie Mitglied in unserem F\u00f6rderverein Kinderhilfe Salberghaus Putzbrunn e.V. und helfen Sie so mit, Kindern und Familien in schwierigsten Lebenslagen eine neue tragf\u00e4hige Perspektive zu erm\u00f6glichen. &nbsp; Mit einer Mitgliedschaft unterst\u00fctzen Sie \u00fcber Ihren Mitgliedsbeitrag direkt die Kinder des Salberghauses in Putzbrunn. [&hellip;]<\/p>\n","protected":false},"author":1,"featured_media":0,"parent":0,"menu_order":0,"comment_status":"closed","ping_status":"closed","template":"","meta":{"_et_pb_use_builder":"on","_et_pb_old_content":"","_et_gb_content_width":"","footnotes":""},"class_list":["post-66","page","type-page","status-publish","hentry"],"_links":{"self":[{"href":"https:\/\/kinderhilfe-salberghaus.de\/index.php?rest_route=\/wp\/v2\/pages\/66","targetHints":{"allow":["GET"]}}],"collection":[{"href":"https:\/\/kinderhilfe-salberghaus.de\/index.php?rest_route=\/wp\/v2\/pages"}],"about":[{"href":"https:\/\/kinderhilfe-salberghaus.de\/index.php?rest_route=\/wp\/v2\/types\/page"}],"author":[{"embeddable":true,"href":"https:\/\/kinderhilfe-salberghaus.de\/index.php?rest_route=\/wp\/v2\/users\/1"}],"replies":[{"embeddable":true,"href":"https:\/\/kinderhilfe-salberghaus.de\/index.php?rest_route=%2Fwp%2Fv2%2Fcomments&post=66"}],"version-history":[{"count":15,"href":"https:\/\/kinderhilfe-salberghaus.de\/index.php?rest_route=\/wp\/v2\/pages\/66\/revisions"}],"predecessor-version":[{"id":592,"href":"https:\/\/kinderhilfe-salberghaus.de\/index.php?rest_route=\/wp\/v2\/pages\/66\/revisions\/592"}],"wp:attachment":[{"href":"https:\/\/kinderhilfe-salberghaus.de\/index.php?rest_route=%2Fwp%2Fv2%2Fmedia&parent=66"}],"curies":[{"name":"wp","href":"https:\/\/api.w.org\/{rel}","templated":true}]}}