{"id":73,"date":"2017-02-13T13:24:04","date_gmt":"2017-02-13T12:24:04","guid":{"rendered":"http:\/\/kinderhilfe-salberghaus.de\/?page_id=73"},"modified":"2025-12-29T13:34:35","modified_gmt":"2025-12-29T12:34:35","slug":"neue-startseite","status":"publish","type":"page","link":"https:\/\/kinderhilfe-salberghaus.de\/","title":{"rendered":"Neue Startseite"},"content":{"rendered":"<p>[et_pb_section fb_built=&#8220;1&#8243; fullwidth=&#8220;on&#8220; admin_label=&#8220;Sektion&#8220; _builder_version=&#8220;4.16&#8243; global_colors_info=&#8220;{}&#8220;][et_pb_fullwidth_header title=&#8220;KINDERHILFE SALBERGHAUS Putzbrunn e.V.&#8220; subhead=&#8220;Wir geben Kindern eine Perspektive&#8220; header_image_url=&#8220;https:\/\/kinderhilfe-salberghaus.de\/wp-content\/uploads\/2017\/02\/vierPunkte.png&#8220; admin_label=&#8220;Vollbreite Kopfzeile&#8220; _builder_version=&#8220;4.16&#8243; background_color=&#8220;#00ccff&#8220; button_one_letter_spacing_hover=&#8220;0&#8243; button_two_letter_spacing_hover=&#8220;0&#8243; global_colors_info=&#8220;{}&#8220; button_one_text_size__hover_enabled=&#8220;off&#8220; button_two_text_size__hover_enabled=&#8220;off&#8220; button_one_text_color__hover_enabled=&#8220;off&#8220; button_two_text_color__hover_enabled=&#8220;off&#8220; button_one_border_width__hover_enabled=&#8220;off&#8220; button_two_border_width__hover_enabled=&#8220;off&#8220; button_one_border_color__hover_enabled=&#8220;off&#8220; button_two_border_color__hover_enabled=&#8220;off&#8220; button_one_border_radius__hover_enabled=&#8220;off&#8220; button_two_border_radius__hover_enabled=&#8220;off&#8220; button_one_letter_spacing__hover_enabled=&#8220;on&#8220; button_one_letter_spacing__hover=&#8220;0&#8243; button_two_letter_spacing__hover_enabled=&#8220;on&#8220; button_two_letter_spacing__hover=&#8220;0&#8243; button_one_bg_color__hover_enabled=&#8220;off&#8220; button_two_bg_color__hover_enabled=&#8220;off&#8220;][\/et_pb_fullwidth_header][et_pb_fullwidth_image src=&#8220;http:\/\/kinderhilfe-salberghaus.de\/wp-content\/uploads\/2025\/12\/Sliderbild_Wohngruppe.jpg&#8220; title_text=&#8220;Sliderbild_Wohngruppe&#8220; _builder_version=&#8220;4.27.4&#8243; _module_preset=&#8220;default&#8220; global_colors_info=&#8220;{}&#8220;][\/et_pb_fullwidth_image][\/et_pb_section][et_pb_section fb_built=&#8220;1&#8243; specialty=&#8220;on&#8220; admin_label=&#8220;Sektion&#8220; _builder_version=&#8220;4.16&#8243; global_colors_info=&#8220;{}&#8220;][et_pb_column type=&#8220;3_4&#8243; specialty_columns=&#8220;3&#8243; _builder_version=&#8220;4.16&#8243; custom_padding=&#8220;|||&#8220; global_colors_info=&#8220;{}&#8220; custom_padding__hover=&#8220;|||&#8220;][et_pb_row_inner admin_label=&#8220;Zeile&#8220; _builder_version=&#8220;4.16&#8243; global_colors_info=&#8220;{}&#8220;][et_pb_column_inner saved_specialty_column_type=&#8220;3_4&#8243; _builder_version=&#8220;4.16&#8243; custom_padding=&#8220;|||&#8220; global_colors_info=&#8220;{}&#8220; custom_padding__hover=&#8220;|||&#8220;][et_pb_text admin_label=&#8220;Text&#8220; _builder_version=&#8220;4.27.3&#8243; background_size=&#8220;initial&#8220; background_position=&#8220;top_left&#8220; background_repeat=&#8220;repeat&#8220; text_orientation=&#8220;justified&#8220; custom_margin=&#8220;||34px|||&#8220; use_border_color=&#8220;off&#8220; border_color=&#8220;#ffffff&#8220; border_style=&#8220;solid&#8220; global_colors_info=&#8220;{}&#8220;]<\/p>\n<div id=\"col2_content\" class=\"clearfix\">\n<div id=\"c15\" class=\"csc-default\">\n<h1><\/h1>\n<h1><\/h1>\n<h1>Kinderhilfe Salberghaus Putzbrunn e. V.<\/h1>\n<p>&nbsp;<\/p>\n<h2><\/h2>\n<h2><\/h2>\n<h2>Wer sind wir?<\/h2>\n<div id=\"attachment_391\" style=\"width: 310px;\" class=\"wp-caption alignright\">\n<p><img loading=\"lazy\" decoding=\"async\" src=\"http:\/\/kinderhilfe-salberghaus.de\/wp-content\/uploads\/2024\/11\/P1000648-Reduziert.jpg\" alt=\"\" class=\"wp-image-563 alignnone size-medium\" width=\"300\" height=\"225\" \/><\/p>\n<p id=\"caption-attachment-391\" class=\"wp-caption-text\">Der Vereinsvorstand<\/p>\n<\/div>\n<p>\u201eWir&#8220;, das ist der F\u00f6rderverein, der das <a href=\"www.salberghaus.de\">Salberghaus<\/a> nach Kr\u00e4ften unterst\u00fctzt.<\/p>\n<p>\u201eWir&#8220;, das ist die ehrenamtlich t\u00e4tige Vorstandschaft und die Einrichtungsleitung.<\/p>\n<p>\u201eWir&#8220;, das sind inzwischen \u00fcber 130 Mitglieder.<\/p>\n<p>\u201eWir&#8220;, das sind zahlreiche Spender, die regelm\u00e4\u00dfig oder einmalig unterst\u00fctzen.<\/p>\n<p>&nbsp;<\/p>\n<p><span style=\"color: #333333; font-size: 26px;\"><\/span><\/p>\n<p><span style=\"color: #333333; font-size: 26px;\"><\/span><\/p>\n<p><span style=\"color: #333333; font-size: 26px;\">Was machen wir?<\/span><\/p>\n<p>Wir unterst\u00fctzen finanziell und ideell die Kinder- und Jugendhilfeeinrichtung Salberghaus.<\/p>\n<p>Das <a href=\"www.salberghaus.de\">Salberghaus<\/a> ist eine Einrichtung, die sich vorrangig f\u00fcr kleine Kinder einsetzt. In Notaufnahmegruppen, therapeutischen Wohngruppen und Bereitschaftspflegefamilien finden Kinder von Geburt bis zum Grundschulalter Schutz, die aufgrund von Krisen oder \u00dcberbelastungen nicht ausreichend gut in ihrer Familie versorgt werden k\u00f6nnen.\u00a0<\/p>\n<p>Neben der altersentsprechenden Betreuung und Versorgung erhalten die Kinder auch intensive Entwicklungsf\u00f6rderung und therapeutische Angebote.\u00a0<\/p>\n<p>&nbsp;<\/p>\n<p>Wir, die Kinderhilfe Salberghaus, gewinnen <b>Mitglieder, Spender und ehrenamtliche Helfer<\/b>.<br \/>Wir machen <b>\u00d6ffentlichkeitsarbeit<\/b> f\u00fcr das Salberghaus und den F\u00f6rderverein.<br \/>Dazu haben wir einen ansprechenden Flyer, den wir gerne bei Veranstaltungen weitergeben.<\/p>\n<p>&nbsp;<\/p>\n<h2>Wir unterst\u00fctzen gezielt!<\/h2>\n<ul>\n<li>die Kinder in den Wohngruppen (f\u00fcr Kleidung, kleine Geschenke, Ausfl\u00fcge, Freizeitgestaltung, kleine Feste)<\/li>\n<li>die Elternarbeit und Elternkontakte<\/li>\n<li>zus\u00e4tzliche Therapien, therapeutische Hilfsger\u00e4te, Gestaltung von Spielr\u00e4umen im Haus und Garten u.v.a.m.<\/li>\n<\/ul>\n<p>Die Tagess\u00e4tze der Jugend\u00e4mter decken den Grundbedarf &#8211; Kinder brauchen mehr!<\/p>\n<p>&nbsp;<\/p>\n<p><span style=\"font-size: xx-large; color: #000000;\">\u00a0<\/span><\/p>\n<\/div>\n<\/div>\n<p>[\/et_pb_text][\/et_pb_column_inner][\/et_pb_row_inner][et_pb_row_inner _builder_version=&#8220;4.16&#8243; _module_preset=&#8220;default&#8220; global_colors_info=&#8220;{}&#8220;][et_pb_column_inner saved_specialty_column_type=&#8220;3_4&#8243; _builder_version=&#8220;4.16&#8243; _module_preset=&#8220;default&#8220; global_colors_info=&#8220;{}&#8220;][et_pb_text _builder_version=&#8220;4.16&#8243; _module_preset=&#8220;default&#8220; global_colors_info=&#8220;{}&#8220;]<\/p>\n<h1>Werden Sie Mitglied \u2013 machen Sie mit!<\/h1>\n<p>[\/et_pb_text][\/et_pb_column_inner][\/et_pb_row_inner][et_pb_row_inner column_structure=&#8220;1_2,1_2&#8243; admin_label=&#8220;Zeile&#8220; _builder_version=&#8220;4.16&#8243; global_colors_info=&#8220;{}&#8220;][et_pb_column_inner type=&#8220;1_2&#8243; saved_specialty_column_type=&#8220;3_4&#8243; _builder_version=&#8220;4.16&#8243; custom_padding=&#8220;|||&#8220; global_colors_info=&#8220;{}&#8220; custom_padding__hover=&#8220;|||&#8220;][\/et_pb_column_inner][et_pb_column_inner type=&#8220;1_2&#8243; saved_specialty_column_type=&#8220;3_4&#8243; _builder_version=&#8220;4.16&#8243; custom_padding=&#8220;|||&#8220; global_colors_info=&#8220;{}&#8220; custom_padding__hover=&#8220;|||&#8220;][\/et_pb_column_inner][\/et_pb_row_inner][et_pb_row_inner column_structure=&#8220;1_3,1_3,1_3&#8243; admin_label=&#8220;Zeile&#8220; _builder_version=&#8220;4.16&#8243; global_colors_info=&#8220;{}&#8220;][et_pb_column_inner type=&#8220;1_3&#8243; saved_specialty_column_type=&#8220;3_4&#8243; _builder_version=&#8220;4.16&#8243; custom_padding=&#8220;|||&#8220; global_colors_info=&#8220;{}&#8220; custom_padding__hover=&#8220;|||&#8220;][\/et_pb_column_inner][et_pb_column_inner type=&#8220;1_3&#8243; saved_specialty_column_type=&#8220;3_4&#8243; _builder_version=&#8220;4.16&#8243; custom_padding=&#8220;|||&#8220; global_colors_info=&#8220;{}&#8220; custom_padding__hover=&#8220;|||&#8220;][\/et_pb_column_inner][et_pb_column_inner type=&#8220;1_3&#8243; saved_specialty_column_type=&#8220;3_4&#8243; _builder_version=&#8220;4.16&#8243; custom_padding=&#8220;|||&#8220; global_colors_info=&#8220;{}&#8220; custom_padding__hover=&#8220;|||&#8220;][\/et_pb_column_inner][\/et_pb_row_inner][\/et_pb_column][et_pb_column type=&#8220;1_4&#8243; _builder_version=&#8220;4.16&#8243; custom_padding=&#8220;|||&#8220; global_colors_info=&#8220;{}&#8220; custom_padding__hover=&#8220;|||&#8220;][et_pb_text admin_label=&#8220;Text&#8220; _builder_version=&#8220;4.27.2&#8243; background_size=&#8220;initial&#8220; background_position=&#8220;top_left&#8220; background_repeat=&#8220;repeat&#8220; custom_padding=&#8220;8px|8px|8px|8px&#8220; border_width_all=&#8220;0px&#8220; border_color_all=&#8220;#00ccff&#8220; border_style_all=&#8220;solid&#8220; use_border_color=&#8220;on&#8220; border_color=&#8220;#00ccff&#8220; border_style=&#8220;solid&#8220; saved_tabs=&#8220;all&#8220; global_colors_info=&#8220;{}&#8220;]<\/p>\n<h2>Ihre Ansprechpartner:<\/h2>\n<p>&nbsp;<\/p>\n<p><a href=\"&#x6d;a&#x69;&#108;&#x74;&#111;:&#x6d;a&#x72;&#116;&#x69;&#110;&#46;&#x68;&#97;&#x63;&#107;e&#x72;&#64;&#x6b;&#105;&#x6e;&#100;e&#x72;h&#x69;&#108;&#x66;&#x65;-&#x73;&#97;&#x6c;&#98;e&#x72;g&#x68;&#97;&#x75;&#115;&#46;&#x64;&#101;\" target=\"_blank\" rel=\"noopener noreferrer\">Martin Hacker<\/a><br \/>(Vorsitzender des Vorstands)<\/p>\n<p><a href=\"&#x6d;&#97;i&#x6c;&#116;&#111;&#x3a;&#x68;&#101;i&#x64;&#105;&#46;&#x73;&#x70;&#105;c&#x6b;&#97;&#64;&#x6b;&#x69;&#110;d&#x65;&#114;h&#x69;&#x6c;&#102;e&#x2d;&#115;a&#x6c;&#x62;&#101;&#x72;&#x67;&#104;a&#x75;&#115;&#46;&#x64;&#x65;\" target=\"_blank\" rel=\"noopener noreferrer\">Heidi Spicka<\/a><br \/>(Stellvertretende Vorsitzende)<\/p>\n<p><strong>Telefon (Zentrale): <\/strong>089-60093-0<\/p>\n<p><img decoding=\"async\" src=\"https:\/\/kinderhilfe-salberghaus.de\/wp-content\/uploads\/2017\/03\/pdf.png\" alt=\"PDF-Datei\" \/><a href=\"https:\/\/kinderhilfe-salberghaus.de\/wp-content\/uploads\/2017\/03\/Flyer_Kinderhilfe_Salberghaus_2016.pdf\" target=\"_blank\" rel=\"noopener noreferrer\">Flyer Kinderhilfe Salberghaus<\/a><\/p>\n<p>[\/et_pb_text][\/et_pb_column][\/et_pb_section][et_pb_section fb_built=&#8220;1&#8243; admin_label=&#8220;section&#8220; _builder_version=&#8220;4.16&#8243; global_colors_info=&#8220;{}&#8220;][et_pb_row column_structure=&#8220;3_4,1_4&#8243; admin_label=&#8220;row&#8220; _builder_version=&#8220;4.16&#8243; background_size=&#8220;initial&#8220; background_position=&#8220;top_left&#8220; background_repeat=&#8220;repeat&#8220; global_colors_info=&#8220;{}&#8220;][et_pb_column type=&#8220;3_4&#8243; _builder_version=&#8220;4.16&#8243; custom_padding=&#8220;|||&#8220; global_colors_info=&#8220;{}&#8220; custom_padding__hover=&#8220;|||&#8220;][et_pb_image src=&#8220;https:\/\/kinderhilfe-salberghaus.de\/wp-content\/uploads\/2017\/02\/FooterBilder.png&#8220; align_tablet=&#8220;center&#8220; align_phone=&#8220;&#8220; align_last_edited=&#8220;on|desktop&#8220; admin_label=&#8220;Bild&#8220; _builder_version=&#8220;4.16&#8243; animation_style=&#8220;slide&#8220; animation_direction=&#8220;left&#8220; animation_duration=&#8220;500ms&#8220; animation_intensity_slide=&#8220;10%&#8220; animation=&#8220;left&#8220; use_border_color=&#8220;off&#8220; border_color=&#8220;#ffffff&#8220; border_style=&#8220;solid&#8220; sticky=&#8220;off&#8220; global_colors_info=&#8220;{}&#8220;][\/et_pb_image][\/et_pb_column][et_pb_column type=&#8220;1_4&#8243; _builder_version=&#8220;4.16&#8243; custom_padding=&#8220;|||&#8220; global_colors_info=&#8220;{}&#8220; custom_padding__hover=&#8220;|||&#8220;][et_pb_image src=&#8220;https:\/\/kinderhilfe-salberghaus.de\/wp-content\/uploads\/2017\/02\/6110219.png&#8220; align_tablet=&#8220;center&#8220; align_phone=&#8220;&#8220; align_last_edited=&#8220;on|desktop&#8220; admin_label=&#8220;Bild&#8220; _builder_version=&#8220;4.16&#8243; animation_style=&#8220;slide&#8220; animation_direction=&#8220;left&#8220; animation_duration=&#8220;500ms&#8220; animation_intensity_slide=&#8220;10%&#8220; animation=&#8220;left&#8220; use_border_color=&#8220;off&#8220; border_color=&#8220;#ffffff&#8220; border_style=&#8220;solid&#8220; sticky=&#8220;off&#8220; global_colors_info=&#8220;{}&#8220;][\/et_pb_image][\/et_pb_column][\/et_pb_row][\/et_pb_section][et_pb_section fb_built=&#8220;1&#8243; admin_label=&#8220;Sektion&#8220; _builder_version=&#8220;4.16&#8243; background_color=&#8220;#171717&#8243; transparent_background=&#8220;off&#8220; global_colors_info=&#8220;{}&#8220;][et_pb_row admin_label=&#8220;Zeile&#8220; _builder_version=&#8220;4.16&#8243; background_size=&#8220;initial&#8220; background_position=&#8220;top_left&#8220; background_repeat=&#8220;repeat&#8220; global_colors_info=&#8220;{}&#8220;][et_pb_column type=&#8220;4_4&#8243; _builder_version=&#8220;4.16&#8243; custom_padding=&#8220;|||&#8220; global_colors_info=&#8220;{}&#8220; custom_padding__hover=&#8220;|||&#8220;][et_pb_text admin_label=&#8220;Text&#8220; _builder_version=&#8220;4.16&#8243; background_size=&#8220;initial&#8220; background_position=&#8220;top_left&#8220; background_repeat=&#8220;repeat&#8220; text_orientation=&#8220;center&#8220; module_alignment=&#8220;center&#8220; use_border_color=&#8220;off&#8220; border_color=&#8220;#ffffff&#8220; border_style=&#8220;solid&#8220; global_colors_info=&#8220;{}&#8220;]<span style=\"color: #ffffff; margin-right: 3%;\"><a style=\"color: #ffffff;\" href=\"https:\/\/kinderhilfe-salberghaus.de\/?page_id=73\">Start<\/a><\/span> <span style=\"color: #ffffff; margin-right: 3%;\"><a style=\"color: #ffffff;\" href=\"https:\/\/kinderhilfe-salberghaus.de\/?page_id=60\">Unsere Ziele<\/a><\/span> <span style=\"color: #ffffff; margin-right: 3%;\"><a style=\"color: #ffffff;\" href=\"https:\/\/kinderhilfe-salberghaus.de\/?page_id=68\">Projekte<\/a><\/span> <span style=\"color: #ffffff; margin-right: 3%;\"><a style=\"color: #ffffff;\" href=\"https:\/\/kinderhilfe-salberghaus.de\/?page_id=70\">Spenden<\/a><\/span> <span style=\"color: #ffffff; margin-right: 3%;\"><a style=\"color: #ffffff;\" href=\"https:\/\/kinderhilfe-salberghaus.de\/?page_id=66\">Mitglied werden<\/a><\/span><br \/>\n[\/et_pb_text][et_pb_divider color=&#8220;#ffffff&#8220; disabled_on=&#8220;on|on|off&#8220; admin_label=&#8220;Teiler&#8220; _builder_version=&#8220;4.16&#8243; height=&#8220;8px&#8220; hide_on_mobile=&#8220;on&#8220; global_colors_info=&#8220;{}&#8220;][\/et_pb_divider][et_pb_text admin_label=&#8220;Text&#8220; _builder_version=&#8220;4.16&#8243; background_size=&#8220;initial&#8220; background_position=&#8220;top_left&#8220; background_repeat=&#8220;repeat&#8220; text_orientation=&#8220;center&#8220; module_alignment=&#8220;center&#8220; use_border_color=&#8220;off&#8220; border_color=&#8220;#ffffff&#8220; border_style=&#8220;solid&#8220; global_colors_info=&#8220;{}&#8220;]<span style=\"color: #aaaaaa; margin-right: 3%;\"><a style=\"color: #aaaaaa;\" href=\"https:\/\/kinderhilfe-salberghaus.de\/?page_id=64\">Kontakt<\/a><\/span> <span style=\"color: #aaaaaa; margin-right: 3%;\"><a style=\"color: #aaaaaa;\" href=\"https:\/\/kinderhilfe-salberghaus.de\/?page_id=62\">Impressum<\/a><\/span> <span style=\"color: #aaaaaa; margin-right: 3%;\"><a style=\"color: #aaaaaa;\" href=\"https:\/\/kinderhilfe-salberghaus.de\/?page_id=90\">Datenschutzerkl\u00e4rung<\/a><\/span><br \/>\n[\/et_pb_text][\/et_pb_column][\/et_pb_row][\/et_pb_section]<\/p>\n","protected":false},"excerpt":{"rendered":"<p>Kinderhilfe Salberghaus Putzbrunn e. V. &nbsp; Wer sind wir? Der Vereinsvorstand \u201eWir&#8220;, das ist der F\u00f6rderverein, der das Salberghaus nach Kr\u00e4ften unterst\u00fctzt. \u201eWir&#8220;, das ist die ehrenamtlich t\u00e4tige Vorstandschaft und die Einrichtungsleitung. \u201eWir&#8220;, das sind inzwischen \u00fcber 130 Mitglieder. \u201eWir&#8220;, das sind zahlreiche Spender, die regelm\u00e4\u00dfig oder einmalig unterst\u00fctzen. &nbsp; Was machen wir? Wir unterst\u00fctzen [&hellip;]<\/p>\n","protected":false},"author":1,"featured_media":0,"parent":0,"menu_order":0,"comment_status":"closed","ping_status":"closed","template":"","meta":{"_et_pb_use_builder":"on","_et_pb_old_content":"[et_pb_section admin_label=\"section\"][et_pb_row admin_label=\"row\"][\/et_pb_row][\/et_pb_section]","_et_gb_content_width":"","footnotes":""},"class_list":["post-73","page","type-page","status-publish","hentry"],"_links":{"self":[{"href":"https:\/\/kinderhilfe-salberghaus.de\/index.php?rest_route=\/wp\/v2\/pages\/73","targetHints":{"allow":["GET"]}}],"collection":[{"href":"https:\/\/kinderhilfe-salberghaus.de\/index.php?rest_route=\/wp\/v2\/pages"}],"about":[{"href":"https:\/\/kinderhilfe-salberghaus.de\/index.php?rest_route=\/wp\/v2\/types\/page"}],"author":[{"embeddable":true,"href":"https:\/\/kinderhilfe-salberghaus.de\/index.php?rest_route=\/wp\/v2\/users\/1"}],"replies":[{"embeddable":true,"href":"https:\/\/kinderhilfe-salberghaus.de\/index.php?rest_route=%2Fwp%2Fv2%2Fcomments&post=73"}],"version-history":[{"count":41,"href":"https:\/\/kinderhilfe-salberghaus.de\/index.php?rest_route=\/wp\/v2\/pages\/73\/revisions"}],"predecessor-version":[{"id":621,"href":"https:\/\/kinderhilfe-salberghaus.de\/index.php?rest_route=\/wp\/v2\/pages\/73\/revisions\/621"}],"wp:attachment":[{"href":"https:\/\/kinderhilfe-salberghaus.de\/index.php?rest_route=%2Fwp%2Fv2%2Fmedia&parent=73"}],"curies":[{"name":"wp","href":"https:\/\/api.w.org\/{rel}","templated":true}]}}